{"id":1323,"date":"2023-11-16T02:23:30","date_gmt":"2023-11-16T02:23:30","guid":{"rendered":"https:\/\/brottauy.com\/wp\/?post_type=product&#038;p=1323"},"modified":"2025-05-23T04:36:59","modified_gmt":"2025-05-23T04:36:59","slug":"crema-corporal-glow","status":"publish","type":"product","link":"https:\/\/brottauy.com\/wp\/product\/crema-corporal-glow\/","title":{"rendered":"Crema Corporal Glow"},"content":{"rendered":"","protected":false},"excerpt":{"rendered":"<p><span style=\"font-weight: 400;\">Lo que amar\u00e1s:<\/span><\/p>\n<p><span style=\"font-weight: 400;\">Apto para todo tipo de piel<\/span><\/p>\n<p><span style=\"font-weight: 400;\">Super hidratante y con un brillo sutil dorado que te har\u00e1 lucir luminosa y natural.<\/span><\/p>\n<p><span style=\"font-weight: 400;\">Envase: Vidrio con dosificador de 125 gramos<\/span><\/p>\n<p><span style=\"font-weight: 400;\">Modo de uso: aplicar el producto en brazos, piernas, hombros y donde quieras recibir un glow natural.<\/span><\/p>\n<p><span style=\"font-weight: 400;\">Ingredientes: Agua, manteca de Karit\u00e9 org\u00e1nica, aceite de fruta de oliva, mica, extracto de cal\u00e9ndula, alcohol cetoestear\u00edlico, alcohol cet\u00edlico, \u00e1cido este\u00e1rico.<\/span><\/p>\n","protected":false},"featured_media":1905,"template":"","meta":{"pagelayer_contact_templates":[],"_pagelayer_content":"","_kadence_starter_templates_imported_post":false},"product_brand":[],"product_cat":[111],"product_tag":[95,49,65,98,36,80,101,105,51,96,102,100,91,50,40,67,52,106],"class_list":{"0":"post-1323","1":"product","2":"type-product","3":"status-publish","4":"has-post-thumbnail","6":"product_cat-cremas","7":"product_tag-aceite-de-girasol-prensado-en-frio","8":"product_tag-aceite-de-jojoba-organico","9":"product_tag-aceite-de-ricino-organico","10":"product_tag-biodegradable","11":"product_tag-brotta","12":"product_tag-cacao","13":"product_tag-canamo","14":"product_tag-carbon-activado","15":"product_tag-cera-vegetal","16":"product_tag-desmaquillante","17":"product_tag-discos-faciales","18":"product_tag-discos-reutilizables","19":"product_tag-diversion","20":"product_tag-manteca-de-karite-organica","21":"product_tag-maquillaje","22":"product_tag-monoestereato-de-glicerilo","23":"product_tag-oxido-de-zinc","24":"product_tag-pigmento-mineral-tono-negro-de-grado-cosmetico-y-vitamina-e","26":"first","27":"instock","28":"taxable","29":"shipping-taxable","30":"purchasable","31":"product-type-simple"},"_links":{"self":[{"href":"https:\/\/brottauy.com\/wp\/wp-json\/wp\/v2\/product\/1323","targetHints":{"allow":["GET"]}}],"collection":[{"href":"https:\/\/brottauy.com\/wp\/wp-json\/wp\/v2\/product"}],"about":[{"href":"https:\/\/brottauy.com\/wp\/wp-json\/wp\/v2\/types\/product"}],"wp:featuredmedia":[{"embeddable":true,"href":"https:\/\/brottauy.com\/wp\/wp-json\/wp\/v2\/media\/1905"}],"wp:attachment":[{"href":"https:\/\/brottauy.com\/wp\/wp-json\/wp\/v2\/media?parent=1323"}],"wp:term":[{"taxonomy":"product_brand","embeddable":true,"href":"https:\/\/brottauy.com\/wp\/wp-json\/wp\/v2\/product_brand?post=1323"},{"taxonomy":"product_cat","embeddable":true,"href":"https:\/\/brottauy.com\/wp\/wp-json\/wp\/v2\/product_cat?post=1323"},{"taxonomy":"product_tag","embeddable":true,"href":"https:\/\/brottauy.com\/wp\/wp-json\/wp\/v2\/product_tag?post=1323"}],"curies":[{"name":"wp","href":"https:\/\/api.w.org\/{rel}","templated":true}]}}